{"id":17,"date":"2023-04-05T23:34:15","date_gmt":"2023-04-05T21:34:15","guid":{"rendered":"https:\/\/bas-gliwice.pl\/?page_id=17"},"modified":"2023-04-07T00:36:22","modified_gmt":"2023-04-06T22:36:22","slug":"bas","status":"publish","type":"page","link":"https:\/\/bas-gliwice.pl\/","title":{"rendered":"BAS"},"content":{"rendered":"<div class=\"\" style=\"\" >\n    \n    <section class=\"u-clearfix u-image u-section-2\" id=\"sec-517f\" data-image-width=\"1920\" data-image-height=\"1279\" style=\"background-image: url(&quot;https:\/\/bas-gliwice.pl\/wp-content\/uploads\/2023\/04\/trucks-highway-mountain-sunset.jpg&quot;);\">\n      <div class=\"u-clearfix u-sheet u-sheet-1\">\n        <div class=\"u-align-left u-container-style u-expanded-width-md u-expanded-width-sm u-expanded-width-xs u-group u-white u-group-1\">\n          <div class=\"u-container-layout u-container-layout-1\">\n            <h2 class=\"u-custom-font u-font-oswald u-text u-text-1\">Skontaktuj si\u0119 z nami<br>\n            <\/h2>\n            <div class=\"u-align-left u-form u-form-1\">\n              <form action=\"https:\/\/forms.nicepagesrv.com\/v2\/form\/process\" class=\"u-clearfix u-form-spacing-28 u-form-vertical u-inner-form\" style=\"padding: 0px;\" source=\"email\" name=\"form\">\n                <div class=\"u-form-group u-form-name u-label-none\">\n                  <label for=\"name-5a14\" class=\"u-form-control-hidden u-label\" wfd-invisible=\"true\">Name<\/label>\n                  <input type=\"text\" placeholder=\"Twoje imi\u0119\" id=\"name-5a14\" name=\"name\" class=\"u-border-2 u-border-black u-border-no-left u-border-no-right u-border-no-top u-input u-input-rectangle u-input-1\" required=\"\">\n                <\/div>\n                <div class=\"u-form-email u-form-group u-label-none\">\n                  <label for=\"email-5a14\" class=\"u-form-control-hidden u-label\" wfd-invisible=\"true\">Email<\/label>\n                  <input type=\"email\" placeholder=\"Tw\u00f3j adres e-mail\" id=\"email-5a14\" name=\"email\" class=\"u-border-2 u-border-black u-border-no-left u-border-no-right u-border-no-top u-input u-input-rectangle u-input-2\" required=\"\">\n                <\/div>\n                <div class=\"u-form-group u-form-phone u-label-none u-form-group-3\">\n                  <label for=\"phone-89dd\" class=\"u-label\">Telefon<\/label>\n                  <input type=\"tel\" pattern=\"+?d{0,3}[s(-]?([0-9]{2,3})[s)-]?([s-]?)([0-9]{3})[s-]?([0-9]{2})[s-]?([0-9]{2})\" placeholder=\"Wprowad\u017a sw\u00f3j numer telefonu (np. +48609000000)\" id=\"phone-89dd\" name=\"phone\" class=\"u-border-2 u-border-black u-border-no-left u-border-no-right u-border-no-top u-input u-input-rectangle u-input-3\">\n                <\/div>\n                <div class=\"u-form-group u-form-message u-label-none\">\n                  <label for=\"message-5a14\" class=\"u-form-control-hidden u-label\" wfd-invisible=\"true\">Message<\/label>\n                  <textarea placeholder=\"Twoja wiadomo\u015b\u0107\" rows=\"4\" cols=\"50\" id=\"message-5a14\" name=\"message\" class=\"u-border-2 u-border-black u-border-no-left u-border-no-right u-border-no-top u-input u-input-rectangle u-input-4\" required=\"\"><\/textarea>\n                <\/div>\n                <div class=\"u-align-center-xs u-align-left-lg u-align-left-md u-align-left-sm u-align-left-xl u-form-group u-form-submit u-label-none\">\n                  <a href=\"#\" class=\"u-border-2 u-border-grey-75 u-btn u-btn-submit u-button-style u-custom-color-1 u-hover-black u-text-hover-white u-btn-1\"> wy\u015blij<\/a>\n                  <input type=\"submit\" value=\"submit\" class=\"u-form-control-hidden\" wfd-invisible=\"true\">\n                <\/div>\n                <div class=\"u-form-send-message u-form-send-success\" wfd-invisible=\"true\">Dzi\u0119kujemy! Twoja wiadomo\u015b\u0107 zosta\u0142a wys\u0142ana.<\/div>\n                <div class=\"u-form-send-error u-form-send-message\" wfd-invisible=\"true\">Nie mo\u017cemy wys\u0142a\u0107 Twojej wiadomo\u015bci, spr\u00f3buj jeszcze raz.<\/div>\n                <input type=\"hidden\" value=\"\" name=\"recaptchaResponse\" wfd-invisible=\"true\">\n                <input type=\"hidden\" name=\"formServices\" value=\"3b3fd50d18c5adfe074e2325170ab824\">\n              <\/form>\n            <\/div>\n            <div class=\"u-list u-list-1\">\n              <div class=\"u-repeater u-repeater-1\">\n                <div class=\"u-container-style u-custom-color-1 u-list-item u-repeater-item u-list-item-1\">\n                  <div class=\"u-container-layout u-similar-container u-container-layout-2\"><span class=\"u-icon u-icon-1\"><svg class=\"u-svg-link\" preserveAspectRatio=\"xMidYMin slice\" viewBox=\"0 0 60 60\" style=\"\"><use xlink:href=\"#svg-2b46\"><\/use><\/svg><svg class=\"u-svg-content\" viewBox=\"0 0 60 60\" x=\"0px\" y=\"0px\" id=\"svg-2b46\" style=\"enable-background:new 0 0 60 60;\"><path d=\"M55.014,45.389l-9.553-4.776C44.56,40.162,44,39.256,44,38.248v-3.381c0.229-0.28,0.47-0.599,0.719-0.951\n\tc1.239-1.75,2.232-3.698,2.954-5.799C49.084,27.47,50,26.075,50,24.5v-4c0-0.963-0.36-1.896-1-2.625v-5.319\n\tc0.056-0.55,0.276-3.824-2.092-6.525C44.854,3.688,41.521,2.5,37,2.5s-7.854,1.188-9.908,3.53c-1.435,1.637-1.918,3.481-2.064,4.805\n\tC23.314,9.949,21.294,9.5,19,9.5c-10.389,0-10.994,8.855-11,9v4.579c-0.648,0.706-1,1.521-1,2.33v3.454\n\tc0,1.079,0.483,2.085,1.311,2.765c0.825,3.11,2.854,5.46,3.644,6.285v2.743c0,0.787-0.428,1.509-1.171,1.915l-6.653,4.173\n\tC1.583,48.134,0,50.801,0,53.703V57.5h14h2h44v-4.043C60,50.019,58.089,46.927,55.014,45.389z M14,53.262V55.5H2v-1.797\n\tc0-2.17,1.184-4.164,3.141-5.233l6.652-4.173c1.333-0.727,2.161-2.121,2.161-3.641v-3.591l-0.318-0.297\n\tc-0.026-0.024-2.683-2.534-3.468-5.955l-0.091-0.396l-0.342-0.22C9.275,29.899,9,29.4,9,28.863v-3.454\n\tc0-0.36,0.245-0.788,0.671-1.174L10,23.938l-0.002-5.38C10.016,18.271,10.537,11.5,19,11.5c2.393,0,4.408,0.553,6,1.644v4.731\n\tc-0.64,0.729-1,1.662-1,2.625v4c0,0.304,0.035,0.603,0.101,0.893c0.027,0.116,0.081,0.222,0.118,0.334\n\tc0.055,0.168,0.099,0.341,0.176,0.5c0.001,0.002,0.002,0.003,0.003,0.005c0.256,0.528,0.629,1,1.099,1.377\n\tc0.005,0.019,0.011,0.036,0.016,0.054c0.06,0.229,0.123,0.457,0.191,0.68l0.081,0.261c0.014,0.046,0.031,0.093,0.046,0.139\n\tc0.035,0.108,0.069,0.215,0.105,0.321c0.06,0.175,0.123,0.356,0.196,0.553c0.031,0.082,0.065,0.156,0.097,0.237\n\tc0.082,0.209,0.164,0.411,0.25,0.611c0.021,0.048,0.039,0.1,0.06,0.147l0.056,0.126c0.026,0.058,0.053,0.11,0.079,0.167\n\tc0.098,0.214,0.194,0.421,0.294,0.621c0.016,0.032,0.031,0.067,0.047,0.099c0.063,0.125,0.126,0.243,0.189,0.363\n\tc0.108,0.206,0.214,0.4,0.32,0.588c0.052,0.092,0.103,0.182,0.154,0.269c0.144,0.246,0.281,0.472,0.414,0.682\n\tc0.029,0.045,0.057,0.092,0.085,0.135c0.242,0.375,0.452,0.679,0.626,0.916c0.046,0.063,0.086,0.117,0.125,0.17\n\tc0.022,0.029,0.052,0.071,0.071,0.097v3.309c0,0.968-0.528,1.856-1.377,2.32l-2.646,1.443l-0.461-0.041l-0.188,0.395l-5.626,3.069\n\tC15.801,46.924,14,49.958,14,53.262z M58,55.5H16v-2.238c0-2.571,1.402-4.934,3.659-6.164l8.921-4.866\n\tC30.073,41.417,31,39.854,31,38.155v-4.018v-0.001l-0.194-0.232l-0.038-0.045c-0.002-0.003-0.064-0.078-0.165-0.21\n\tc-0.006-0.008-0.012-0.016-0.019-0.024c-0.053-0.069-0.115-0.152-0.186-0.251c-0.001-0.002-0.002-0.003-0.003-0.005\n\tc-0.149-0.207-0.336-0.476-0.544-0.8c-0.005-0.007-0.009-0.015-0.014-0.022c-0.098-0.153-0.202-0.32-0.308-0.497\n\tc-0.008-0.013-0.016-0.026-0.024-0.04c-0.226-0.379-0.466-0.808-0.705-1.283c0,0-0.001-0.001-0.001-0.002\n\tc-0.127-0.255-0.254-0.523-0.378-0.802l0,0c-0.017-0.039-0.035-0.077-0.052-0.116h0c-0.055-0.125-0.11-0.256-0.166-0.391\n\tc-0.02-0.049-0.04-0.1-0.06-0.15c-0.052-0.131-0.105-0.263-0.161-0.414c-0.102-0.272-0.198-0.556-0.29-0.849l-0.055-0.178\n\tc-0.006-0.02-0.013-0.04-0.019-0.061c-0.094-0.316-0.184-0.639-0.26-0.971l-0.091-0.396l-0.341-0.22\n\tC26.346,25.803,26,25.176,26,24.5v-4c0-0.561,0.238-1.084,0.67-1.475L27,18.728V12.5v-0.354l-0.027-0.021\n\tc-0.034-0.722,0.009-2.935,1.623-4.776C30.253,5.458,33.081,4.5,37,4.5c3.905,0,6.727,0.951,8.386,2.828\n\tc1.947,2.201,1.625,5.017,1.623,5.041L47,18.728l0.33,0.298C47.762,19.416,48,19.939,48,20.5v4c0,0.873-0.572,1.637-1.422,1.899\n\tl-0.498,0.153l-0.16,0.495c-0.669,2.081-1.622,4.003-2.834,5.713c-0.297,0.421-0.586,0.794-0.837,1.079L42,34.123v4.125\n\tc0,1.77,0.983,3.361,2.566,4.153l9.553,4.776C56.513,48.374,58,50.78,58,53.457V55.5z\"><\/path><\/svg><\/span>\n                    <h5 class=\"u-text u-text-default-lg u-text-default-md u-text-default-sm u-text-2\">O nas<\/h5>\n                    <p class=\"u-align-left u-text u-text-3\">Jeste\u015bmy firm\u0105 rodzinn\u0105, kt\u00f3ra istnieje na rynku od 2014 r.<br>Naszym prezesem jest Sebastian Szymczyk.<br>\n                      <br>\n                      <span style=\"font-weight: 700;\">KRS<\/span>\n                      <span style=\"font-weight: 700;\">: <\/span>0000504302<br>\n                      <span style=\"font-weight: 700;\">NIP:<\/span> 6312652626<br>\n                      <span style=\"font-weight: 700;\">REGON:<\/span> 243503974 \n                    <\/p>\n                  <\/div>\n                <\/div>\n                <div class=\"u-container-style u-custom-color-1 u-list-item u-repeater-item u-list-item-2\">\n                  <div class=\"u-container-layout u-similar-container u-container-layout-3\"><span class=\"u-icon u-text-white u-icon-2\"><svg class=\"u-svg-link\" preserveAspectRatio=\"xMidYMin slice\" viewBox=\"0 0 512 512\" style=\"\"><use xlink:href=\"#svg-7213\"><\/use><\/svg><svg class=\"u-svg-content\" viewBox=\"0 0 512 512\" x=\"0px\" y=\"0px\" id=\"svg-7213\" style=\"enable-background:new 0 0 512 512;\"><g><g><path d=\"M256,0C156.748,0,76,80.748,76,180c0,33.534,9.289,66.26,26.869,94.652l142.885,230.257    c2.737,4.411,7.559,7.091,12.745,7.091c0.04,0,0.079,0,0.119,0c5.231-0.041,10.063-2.804,12.75-7.292L410.611,272.22    C427.221,244.428,436,212.539,436,180C436,80.748,355.252,0,256,0z M384.866,256.818L258.272,468.186l-129.905-209.34    C113.734,235.214,105.8,207.95,105.8,180c0-82.71,67.49-150.2,150.2-150.2S406.1,97.29,406.1,180    C406.1,207.121,398.689,233.688,384.866,256.818z\"><\/path>\n<\/g>\n<\/g><g><g><path d=\"M256,90c-49.626,0-90,40.374-90,90c0,49.309,39.717,90,90,90c50.903,0,90-41.233,90-90C346,130.374,305.626,90,256,90z     M256,240.2c-33.257,0-60.2-27.033-60.2-60.2c0-33.084,27.116-60.2,60.2-60.2s60.1,27.116,60.1,60.2    C316.1,212.683,289.784,240.2,256,240.2z\"><\/path>\n<\/g>\n<\/g><\/svg><\/span>\n                    <h5 class=\"u-text u-text-default-lg u-text-default-md u-text-default-sm u-text-4\">adres<\/h5>\n                    <p class=\"u-align-left u-text u-text-5\">BAS Sp. z o. o.<br>ul. Stara Cegielnia 18<br>44-151 Gliwice \n                    <\/p>\n                  <\/div>\n                <\/div>\n                <div class=\"u-container-style u-custom-color-1 u-list-item u-repeater-item u-list-item-3\">\n                  <div class=\"u-container-layout u-similar-container u-container-layout-4\"><span class=\"u-icon u-text-white u-icon-3\"><svg class=\"u-svg-link\" preserveAspectRatio=\"xMidYMin slice\" viewBox=\"0 0 405.333 405.333\" style=\"\"><use xlink:href=\"#svg-cc9e\"><\/use><\/svg><svg class=\"u-svg-content\" viewBox=\"0 0 405.333 405.333\" x=\"0px\" y=\"0px\" id=\"svg-cc9e\" style=\"enable-background:new 0 0 405.333 405.333;\"><g><g><path d=\"M373.333,266.88c-25.003,0-49.493-3.904-72.725-11.584c-11.328-3.904-24.171-0.896-31.637,6.699l-46.016,34.752    c-52.779-28.16-86.571-61.931-114.389-114.368l33.813-44.928c8.512-8.533,11.563-20.971,7.915-32.64    C142.592,81.472,138.667,56.96,138.667,32c0-17.643-14.357-32-32-32H32C14.357,0,0,14.357,0,32    c0,205.845,167.488,373.333,373.333,373.333c17.643,0,32-14.357,32-32V298.88C405.333,281.237,390.976,266.88,373.333,266.88z     M384,373.333c0,5.888-4.8,10.667-10.667,10.667c-194.091,0-352-157.909-352-352c0-5.888,4.8-10.667,10.667-10.667h74.667    c5.867,0,10.667,4.779,10.667,10.667c0,27.243,4.267,53.995,12.629,79.36c1.237,3.989,0.235,8.107-3.669,12.16l-38.827,51.413    c-2.453,3.264-2.837,7.637-0.981,11.264c31.637,62.144,70.059,100.587,132.651,132.651c3.605,1.877,8.021,1.493,11.285-0.981    l52.523-39.808c2.859-2.816,7.061-3.797,10.859-2.539c25.515,8.427,52.267,12.693,79.531,12.693    c5.867,0,10.667,4.779,10.667,10.667V373.333z\"><\/path>\n<\/g>\n<\/g><\/svg><\/span>\n                    <h5 class=\"u-text u-text-default-lg u-text-default-md u-text-default-sm u-text-6\">Telefon<\/h5>\n                    <p class=\"u-align-left u-text u-text-7\">\n                      <a class=\"u-active-none u-border-none u-btn u-button-link u-button-style u-hover-none u-none u-text-palette-1-light-3 u-btn-2\" href=\"tel:515037966\">515037966<\/a>\n                    <\/p>\n                  <\/div>\n                <\/div>\n                <div class=\"u-container-style u-custom-color-1 u-list-item u-repeater-item u-list-item-4\">\n                  <div class=\"u-container-layout u-similar-container u-container-layout-5\"><span class=\"u-icon u-icon-4\"><svg class=\"u-svg-link\" preserveAspectRatio=\"xMidYMin slice\" viewBox=\"0 0 60 60\" style=\"\"><use xlink:href=\"#svg-8fca\"><\/use><\/svg><svg class=\"u-svg-content\" viewBox=\"0 0 60 60\" x=\"0px\" y=\"0px\" id=\"svg-8fca\" style=\"enable-background:new 0 0 60 60;\"><g><path d=\"M42.5,22h-25c-0.552,0-1,0.447-1,1s0.448,1,1,1h25c0.552,0,1-0.447,1-1S43.052,22,42.5,22z\"><\/path><path d=\"M17.5,16h10c0.552,0,1-0.447,1-1s-0.448-1-1-1h-10c-0.552,0-1,0.447-1,1S16.948,16,17.5,16z\"><\/path><path d=\"M42.5,30h-25c-0.552,0-1,0.447-1,1s0.448,1,1,1h25c0.552,0,1-0.447,1-1S43.052,30,42.5,30z\"><\/path><path d=\"M42.5,38h-25c-0.552,0-1,0.447-1,1s0.448,1,1,1h25c0.552,0,1-0.447,1-1S43.052,38,42.5,38z\"><\/path><path d=\"M42.5,46h-25c-0.552,0-1,0.447-1,1s0.448,1,1,1h25c0.552,0,1-0.447,1-1S43.052,46,42.5,46z\"><\/path><path d=\"M38.914,0H6.5v60h47V14.586L38.914,0z M39.5,3.414L50.086,14H39.5V3.414z M8.5,58V2h29v14h14v42H8.5z\"><\/path>\n<\/g><\/svg><\/span>\n                    <h5 class=\"u-text u-text-default-lg u-text-default-md u-text-default-sm u-text-8\">e-mail<\/h5>\n                    <p class=\"u-align-left u-text u-text-9\">\n                      <a class=\"u-active-none u-border-none u-btn u-button-link u-button-style u-hover-none u-none u-text-palette-1-light-3 u-btn-3\" href=\"mailto:bas.szymczyk@o2.pl\">bas.szymczyk@o2.pl<\/a>\n                    <\/p>\n                  <\/div>\n                <\/div>\n              <\/div>\n            <\/div>\n          <\/div>\n        <\/div>\n      <\/div>\n    <\/section>\n    \n    \n  \n<\/div>","protected":false},"excerpt":{"rendered":"<p>Skontaktuj si\u0119 z nami Name Email Telefon Message wy\u015blij Dzi\u0119kujemy! Twoja wiadomo\u015b\u0107 zosta\u0142a wys\u0142ana. Nie mo\u017cemy wys\u0142a\u0107 Twojej wiadomo\u015bci, spr\u00f3buj jeszcze raz. O nas Jeste\u015bmy firm\u0105 rodzinn\u0105, kt\u00f3ra istnieje na rynku od 2014 r.Naszym prezesem jest Sebastian Szymczyk. KRS : 0000504302 NIP: 6312652626 REGON: 243503974 adres BAS Sp. z o. o.ul. Stara Cegielnia 1844-151 Gliwice&hellip;&nbsp;<a href=\"https:\/\/bas-gliwice.pl\/\" class=\"\" rel=\"bookmark\">Czytaj dalej &raquo;<span class=\"screen-reader-text\">BAS<\/span><\/a><\/p>\n","protected":false},"author":2,"featured_media":0,"parent":0,"menu_order":1,"comment_status":"closed","ping_status":"closed","template":"","meta":{"neve_meta_sidebar":"","neve_meta_container":"","neve_meta_enable_content_width":"","neve_meta_content_width":0,"neve_meta_title_alignment":"","neve_meta_author_avatar":"","neve_post_elements_order":"","neve_meta_disable_header":"","neve_meta_disable_footer":"","neve_meta_disable_title":"","footnotes":""},"class_list":["post-17","page","type-page","status-publish","hentry"],"_links":{"self":[{"href":"https:\/\/bas-gliwice.pl\/index.php?rest_route=\/wp\/v2\/pages\/17","targetHints":{"allow":["GET"]}}],"collection":[{"href":"https:\/\/bas-gliwice.pl\/index.php?rest_route=\/wp\/v2\/pages"}],"about":[{"href":"https:\/\/bas-gliwice.pl\/index.php?rest_route=\/wp\/v2\/types\/page"}],"author":[{"embeddable":true,"href":"https:\/\/bas-gliwice.pl\/index.php?rest_route=\/wp\/v2\/users\/2"}],"replies":[{"embeddable":true,"href":"https:\/\/bas-gliwice.pl\/index.php?rest_route=%2Fwp%2Fv2%2Fcomments&post=17"}],"version-history":[{"count":5,"href":"https:\/\/bas-gliwice.pl\/index.php?rest_route=\/wp\/v2\/pages\/17\/revisions"}],"predecessor-version":[{"id":35,"href":"https:\/\/bas-gliwice.pl\/index.php?rest_route=\/wp\/v2\/pages\/17\/revisions\/35"}],"wp:attachment":[{"href":"https:\/\/bas-gliwice.pl\/index.php?rest_route=%2Fwp%2Fv2%2Fmedia&parent=17"}],"curies":[{"name":"wp","href":"https:\/\/api.w.org\/{rel}","templated":true}]}}